{"id":114,"date":"2018-07-13T17:49:12","date_gmt":"2018-07-13T17:49:12","guid":{"rendered":"https:\/\/www.cssigniter.com\/preview\/cousteau-pro\/?page_id=114"},"modified":"2025-07-29T09:48:41","modified_gmt":"2025-07-29T12:48:41","slug":"home-image","status":"publish","type":"page","link":"https:\/\/excursy.net\/dicas-viagem\/","title":{"rendered":"As vantagens da ag\u00eancia de viagens"},"content":{"rendered":"","protected":false},"excerpt":{"rendered":"","protected":false},"author":1,"featured_media":3052,"parent":0,"menu_order":0,"comment_status":"closed","ping_status":"closed","template":"templates\/front-page.php","meta":{"_monsterinsights_skip_tracking":false,"_monsterinsights_sitenote_active":false,"_monsterinsights_sitenote_note":"","_monsterinsights_sitenote_category":0,"footnotes":""},"class_list":["post-114","page","type-page","status-publish","has-post-thumbnail","hentry"],"yoast_head":"<!-- This site is optimized with the Yoast SEO plugin v25.6 - https:\/\/yoast.com\/wordpress\/plugins\/seo\/ -->\n<title>Blog - Excursy - Dicas de Viagem<\/title>\n<meta name=\"description\" content=\"Confira dicas de viagem, orienta\u00e7\u00f5es para passageiros e destaques sobre os principais pontos tur\u00edsticos oferecidos pela Excursy\" \/>\n<meta name=\"robots\" content=\"index, follow, max-snippet:-1, max-image-preview:large, max-video-preview:-1\" \/>\n<link rel=\"canonical\" href=\"https:\/\/excursy.net\/dicas-viagem\/\" \/>\n<meta property=\"og:locale\" content=\"pt_BR\" \/>\n<meta property=\"og:type\" content=\"article\" \/>\n<meta property=\"og:title\" content=\"Blog - Excursy - Dicas de Viagem\" \/>\n<meta property=\"og:description\" content=\"Confira dicas de viagem, orienta\u00e7\u00f5es para passageiros e destaques sobre os principais pontos tur\u00edsticos oferecidos pela Excursy\" \/>\n<meta property=\"og:url\" content=\"https:\/\/excursy.net\/dicas-viagem\/\" \/>\n<meta property=\"og:site_name\" content=\"Excursy - Dicas de Viagem\" \/>\n<meta property=\"article:modified_time\" content=\"2025-07-29T12:48:41+00:00\" \/>\n<meta property=\"og:image\" content=\"https:\/\/excursy.net\/dicas-viagem\/wp-content\/uploads\/2025\/07\/Preto.png\" \/>\n\t<meta property=\"og:image:width\" content=\"2344\" \/>\n\t<meta property=\"og:image:height\" content=\"1175\" \/>\n\t<meta property=\"og:image:type\" content=\"image\/png\" \/>\n<meta name=\"twitter:card\" content=\"summary_large_image\" \/>\n<meta name=\"twitter:label1\" content=\"Est. tempo de leitura\" \/>\n\t<meta name=\"twitter:data1\" content=\"1 minuto\" \/>\n<script type=\"application\/ld+json\" class=\"yoast-schema-graph\">{\"@context\":\"https:\/\/schema.org\",\"@graph\":[{\"@type\":\"WebPage\",\"@id\":\"https:\/\/excursy.net\/dicas-viagem\/\",\"url\":\"https:\/\/excursy.net\/dicas-viagem\/\",\"name\":\"Blog - Excursy - Dicas de Viagem\",\"isPartOf\":{\"@id\":\"https:\/\/excursy.net\/dicas-viagem\/#website\"},\"primaryImageOfPage\":{\"@id\":\"https:\/\/excursy.net\/dicas-viagem\/#primaryimage\"},\"image\":{\"@id\":\"https:\/\/excursy.net\/dicas-viagem\/#primaryimage\"},\"thumbnailUrl\":\"https:\/\/excursy.net\/dicas-viagem\/wp-content\/uploads\/2025\/07\/Preto.png\",\"datePublished\":\"2018-07-13T17:49:12+00:00\",\"dateModified\":\"2025-07-29T12:48:41+00:00\",\"description\":\"Confira dicas de viagem, orienta\u00e7\u00f5es para passageiros e destaques sobre os principais pontos tur\u00edsticos oferecidos pela Excursy\",\"breadcrumb\":{\"@id\":\"https:\/\/excursy.net\/dicas-viagem\/#breadcrumb\"},\"inLanguage\":\"pt-BR\",\"potentialAction\":[{\"@type\":\"ReadAction\",\"target\":[\"https:\/\/excursy.net\/dicas-viagem\/\"]}]},{\"@type\":\"ImageObject\",\"inLanguage\":\"pt-BR\",\"@id\":\"https:\/\/excursy.net\/dicas-viagem\/#primaryimage\",\"url\":\"https:\/\/excursy.net\/dicas-viagem\/wp-content\/uploads\/2025\/07\/Preto.png\",\"contentUrl\":\"https:\/\/excursy.net\/dicas-viagem\/wp-content\/uploads\/2025\/07\/Preto.png\",\"width\":2344,\"height\":1175,\"caption\":\"excursy\"},{\"@type\":\"BreadcrumbList\",\"@id\":\"https:\/\/excursy.net\/dicas-viagem\/#breadcrumb\",\"itemListElement\":[{\"@type\":\"ListItem\",\"position\":1,\"name\":\"Home\",\"item\":\"https:\/\/excursy.net\/dicas-viagem\/\"},{\"@type\":\"ListItem\",\"position\":2,\"name\":\"Blog\"}]},{\"@type\":\"WebSite\",\"@id\":\"https:\/\/excursy.net\/dicas-viagem\/#website\",\"url\":\"https:\/\/excursy.net\/dicas-viagem\/\",\"name\":\"Excursy - Dicas de Viagem\",\"description\":\"Blog com dicas de viagem da ag\u00eancia de viagens Excursy\",\"publisher\":{\"@id\":\"https:\/\/excursy.net\/dicas-viagem\/#organization\"},\"potentialAction\":[{\"@type\":\"SearchAction\",\"target\":{\"@type\":\"EntryPoint\",\"urlTemplate\":\"https:\/\/excursy.net\/dicas-viagem\/?s={search_term_string}\"},\"query-input\":{\"@type\":\"PropertyValueSpecification\",\"valueRequired\":true,\"valueName\":\"search_term_string\"}}],\"inLanguage\":\"pt-BR\"},{\"@type\":\"Organization\",\"@id\":\"https:\/\/excursy.net\/dicas-viagem\/#organization\",\"name\":\"Excursy - Dicas de Viagem\",\"url\":\"https:\/\/excursy.net\/dicas-viagem\/\",\"logo\":{\"@type\":\"ImageObject\",\"inLanguage\":\"pt-BR\",\"@id\":\"https:\/\/excursy.net\/dicas-viagem\/#\/schema\/logo\/image\/\",\"url\":\"https:\/\/excursy.net\/dicas-viagem\/wp-content\/uploads\/2025\/07\/cropped-Branco-com-sombra.png\",\"contentUrl\":\"https:\/\/excursy.net\/dicas-viagem\/wp-content\/uploads\/2025\/07\/cropped-Branco-com-sombra.png\",\"width\":2235,\"height\":1174,\"caption\":\"Excursy - Dicas de Viagem\"},\"image\":{\"@id\":\"https:\/\/excursy.net\/dicas-viagem\/#\/schema\/logo\/image\/\"}}]}<\/script>\n<!-- \/ Yoast SEO plugin. -->","yoast_head_json":{"title":"Blog - Excursy - Dicas de Viagem","description":"Confira dicas de viagem, orienta\u00e7\u00f5es para passageiros e destaques sobre os principais pontos tur\u00edsticos oferecidos pela Excursy","robots":{"index":"index","follow":"follow","max-snippet":"max-snippet:-1","max-image-preview":"max-image-preview:large","max-video-preview":"max-video-preview:-1"},"canonical":"https:\/\/excursy.net\/dicas-viagem\/","og_locale":"pt_BR","og_type":"article","og_title":"Blog - Excursy - Dicas de Viagem","og_description":"Confira dicas de viagem, orienta\u00e7\u00f5es para passageiros e destaques sobre os principais pontos tur\u00edsticos oferecidos pela Excursy","og_url":"https:\/\/excursy.net\/dicas-viagem\/","og_site_name":"Excursy - Dicas de Viagem","article_modified_time":"2025-07-29T12:48:41+00:00","og_image":[{"width":2344,"height":1175,"url":"https:\/\/excursy.net\/dicas-viagem\/wp-content\/uploads\/2025\/07\/Preto.png","type":"image\/png"}],"twitter_card":"summary_large_image","twitter_misc":{"Est. tempo de leitura":"1 minuto"},"schema":{"@context":"https:\/\/schema.org","@graph":[{"@type":"WebPage","@id":"https:\/\/excursy.net\/dicas-viagem\/","url":"https:\/\/excursy.net\/dicas-viagem\/","name":"Blog - Excursy - Dicas de Viagem","isPartOf":{"@id":"https:\/\/excursy.net\/dicas-viagem\/#website"},"primaryImageOfPage":{"@id":"https:\/\/excursy.net\/dicas-viagem\/#primaryimage"},"image":{"@id":"https:\/\/excursy.net\/dicas-viagem\/#primaryimage"},"thumbnailUrl":"https:\/\/excursy.net\/dicas-viagem\/wp-content\/uploads\/2025\/07\/Preto.png","datePublished":"2018-07-13T17:49:12+00:00","dateModified":"2025-07-29T12:48:41+00:00","description":"Confira dicas de viagem, orienta\u00e7\u00f5es para passageiros e destaques sobre os principais pontos tur\u00edsticos oferecidos pela Excursy","breadcrumb":{"@id":"https:\/\/excursy.net\/dicas-viagem\/#breadcrumb"},"inLanguage":"pt-BR","potentialAction":[{"@type":"ReadAction","target":["https:\/\/excursy.net\/dicas-viagem\/"]}]},{"@type":"ImageObject","inLanguage":"pt-BR","@id":"https:\/\/excursy.net\/dicas-viagem\/#primaryimage","url":"https:\/\/excursy.net\/dicas-viagem\/wp-content\/uploads\/2025\/07\/Preto.png","contentUrl":"https:\/\/excursy.net\/dicas-viagem\/wp-content\/uploads\/2025\/07\/Preto.png","width":2344,"height":1175,"caption":"excursy"},{"@type":"BreadcrumbList","@id":"https:\/\/excursy.net\/dicas-viagem\/#breadcrumb","itemListElement":[{"@type":"ListItem","position":1,"name":"Home","item":"https:\/\/excursy.net\/dicas-viagem\/"},{"@type":"ListItem","position":2,"name":"Blog"}]},{"@type":"WebSite","@id":"https:\/\/excursy.net\/dicas-viagem\/#website","url":"https:\/\/excursy.net\/dicas-viagem\/","name":"Excursy - Dicas de Viagem","description":"Blog com dicas de viagem da ag\u00eancia de viagens Excursy","publisher":{"@id":"https:\/\/excursy.net\/dicas-viagem\/#organization"},"potentialAction":[{"@type":"SearchAction","target":{"@type":"EntryPoint","urlTemplate":"https:\/\/excursy.net\/dicas-viagem\/?s={search_term_string}"},"query-input":{"@type":"PropertyValueSpecification","valueRequired":true,"valueName":"search_term_string"}}],"inLanguage":"pt-BR"},{"@type":"Organization","@id":"https:\/\/excursy.net\/dicas-viagem\/#organization","name":"Excursy - Dicas de Viagem","url":"https:\/\/excursy.net\/dicas-viagem\/","logo":{"@type":"ImageObject","inLanguage":"pt-BR","@id":"https:\/\/excursy.net\/dicas-viagem\/#\/schema\/logo\/image\/","url":"https:\/\/excursy.net\/dicas-viagem\/wp-content\/uploads\/2025\/07\/cropped-Branco-com-sombra.png","contentUrl":"https:\/\/excursy.net\/dicas-viagem\/wp-content\/uploads\/2025\/07\/cropped-Branco-com-sombra.png","width":2235,"height":1174,"caption":"Excursy - Dicas de Viagem"},"image":{"@id":"https:\/\/excursy.net\/dicas-viagem\/#\/schema\/logo\/image\/"}}]}},"_links":{"self":[{"href":"https:\/\/excursy.net\/dicas-viagem\/wp-json\/wp\/v2\/pages\/114"}],"collection":[{"href":"https:\/\/excursy.net\/dicas-viagem\/wp-json\/wp\/v2\/pages"}],"about":[{"href":"https:\/\/excursy.net\/dicas-viagem\/wp-json\/wp\/v2\/types\/page"}],"author":[{"embeddable":true,"href":"https:\/\/excursy.net\/dicas-viagem\/wp-json\/wp\/v2\/users\/1"}],"replies":[{"embeddable":true,"href":"https:\/\/excursy.net\/dicas-viagem\/wp-json\/wp\/v2\/comments?post=114"}],"version-history":[{"count":1,"href":"https:\/\/excursy.net\/dicas-viagem\/wp-json\/wp\/v2\/pages\/114\/revisions"}],"predecessor-version":[{"id":3053,"href":"https:\/\/excursy.net\/dicas-viagem\/wp-json\/wp\/v2\/pages\/114\/revisions\/3053"}],"wp:featuredmedia":[{"embeddable":true,"href":"https:\/\/excursy.net\/dicas-viagem\/wp-json\/wp\/v2\/media\/3052"}],"wp:attachment":[{"href":"https:\/\/excursy.net\/dicas-viagem\/wp-json\/wp\/v2\/media?parent=114"}],"curies":[{"name":"wp","href":"https:\/\/api.w.org\/{rel}","templated":true}]}}